{"id":345,"date":"2025-03-25T10:22:32","date_gmt":"2025-03-25T07:22:32","guid":{"rendered":"https:\/\/www.indico2.com.tr\/?page_id=345"},"modified":"2025-03-25T10:24:39","modified_gmt":"2025-03-25T07:24:39","slug":"kvkk-aydinlatma-metini","status":"publish","type":"page","link":"https:\/\/www.indico2.com.tr\/en\/kvkk-aydinlatma-metini\/","title":{"rendered":"KVKK Ayd\u0131nlatma Metini"},"content":{"rendered":"<div data-elementor-type=\"wp-page\" data-elementor-id=\"345\" class=\"elementor elementor-345\" data-elementor-post-type=\"page\">\n\t\t\t\t<div class=\"elementor-element elementor-element-8878b2e e-flex e-con-boxed e-con e-parent\" data-id=\"8878b2e\" data-element_type=\"container\" data-settings=\"{&quot;background_background&quot;:&quot;classic&quot;}\">\n\t\t\t\t\t<div class=\"e-con-inner\">\n\t\t\t\t<div class=\"elementor-element elementor-element-8caf702 elementor-widget elementor-widget-spacer\" data-id=\"8caf702\" data-element_type=\"widget\" data-widget_type=\"spacer.default\">\n\t\t\t\t<div class=\"elementor-widget-container\">\n\t\t\t\t\t\t\t<div class=\"elementor-spacer\">\n\t\t\t<div class=\"elementor-spacer-inner\"><\/div>\n\t\t<\/div>\n\t\t\t\t\t\t<\/div>\n\t\t\t\t<\/div>\n\t\t\t\t<div class=\"elementor-element elementor-element-f7840be elementor-widget elementor-widget-heading\" data-id=\"f7840be\" data-element_type=\"widget\" data-widget_type=\"heading.default\">\n\t\t\t\t<div class=\"elementor-widget-container\">\n\t\t\t\t\t<h2 class=\"elementor-heading-title elementor-size-default\">KVKK AYDINLATMA METN\u0130<\/h2>\t\t\t\t<\/div>\n\t\t\t\t<\/div>\n\t\t\t\t<div class=\"elementor-element elementor-element-353e047 elementor-widget elementor-widget-text-editor\" data-id=\"353e047\" data-element_type=\"widget\" data-widget_type=\"text-editor.default\">\n\t\t\t\t<div class=\"elementor-widget-container\">\n\t\t\t\t\t\t\t\t\t<p class=\"\" data-start=\"0\" data-end=\"17\"><strong data-start=\"0\" data-end=\"15\">Lorem Ipsum<\/strong><\/p><p class=\"\" data-start=\"19\" data-end=\"386\">Lorem ipsum dolor sit amet, consectetur adipiscing elit. Nullam varius, nunc ut suscipit scelerisque, ligula purus efficitur justo, sed blandit urna justo eget elit. Vestibulum ante ipsum primis in faucibus orci luctus et ultrices posuere cubilia curae; Integer convallis, odio at pretium suscipit, felis lacus fermentum tortor, vel convallis mauris augue nec nisl.<\/p><p class=\"\" data-start=\"388\" data-end=\"825\">Suspendisse potenti. Curabitur a metus ut metus viverra fermentum vel non velit. Fusce tristique, lorem ut scelerisque egestas, eros ligula tempus nisl, vel condimentum libero turpis at eros. Donec nec velit vitae purus sollicitudin scelerisque eget sit amet lorem. Aliquam erat volutpat. In scelerisque felis non turpis hendrerit, non consectetur elit rhoncus. Duis accumsan lectus et nisi sollicitudin, vel dignissim lorem hendrerit.<\/p><p class=\"\" data-start=\"827\" data-end=\"1169\">Etiam eget odio eget nulla interdum facilisis. Sed scelerisque fermentum sem, vel interdum lorem pharetra nec. Praesent vel felis nec ipsum condimentum luctus non non augue. Integer ut sapien sed lacus convallis sagittis ac ac erat. Nulla ac consectetur lacus. Suspendisse potenti. Ut ut tellus sed libero fermentum egestas id sit amet est.<\/p><p class=\"\" data-start=\"1171\" data-end=\"1580\">Proin at ligula id odio posuere blandit nec id turpis. Ut auctor, sapien nec faucibus scelerisque, nunc nulla elementum lectus, in imperdiet velit elit at nulla. Cras quis dui sed risus malesuada bibendum. Morbi dictum, elit a tempor elementum, justo eros tempor arcu, id ullamcorper arcu erat in mi. Nam scelerisque ut eros ac efficitur. Mauris auctor purus at massa blandit, nec pellentesque ex efficitur.<\/p><p class=\"\" data-start=\"1582\" data-end=\"2003\">Donec maximus felis vel augue sodales, sed suscipit libero tempus. Phasellus id bibendum dolor. Integer nec augue sed est laoreet fermentum. Sed condimentum vel libero ac scelerisque. Phasellus bibendum varius leo, et dapibus nulla tincidunt et. Nam tincidunt libero ut mauris consequat venenatis. Integer a quam vitae mi sodales volutpat. Aenean quis ipsum nunc. Duis et tortor purus. In hac habitasse platea dictumst.<\/p>\t\t\t\t\t\t\t\t<\/div>\n\t\t\t\t<\/div>\n\t\t\t\t<div class=\"elementor-element elementor-element-20061aa elementor-widget elementor-widget-text-editor\" data-id=\"20061aa\" data-element_type=\"widget\" data-widget_type=\"text-editor.default\">\n\t\t\t\t<div class=\"elementor-widget-container\">\n\t\t\t\t\t\t\t\t\t<p data-start=\"19\" data-end=\"386\"><strong>Nullam varius, nunc\u00a0<\/strong><\/p><p class=\"\" data-start=\"19\" data-end=\"386\">Lorem ipsum dolor sit amet, consectetur adipiscing elit. Nullam varius, nunc ut suscipit scelerisque, ligula purus efficitur justo, sed blandit urna justo eget elit. Vestibulum ante ipsum primis in faucibus orci luctus et ultrices posuere cubilia curae; Integer convallis, odio at pretium suscipit, felis lacus fermentum tortor, vel convallis mauris augue nec nisl.<\/p><p class=\"\" data-start=\"388\" data-end=\"655\">Suspendisse potenti. Curabitur a metus ut metus viverra fermentum vel non velit. Fusce tristique, lorem ut scelerisque egestas, eros ligula tempus nisl, vel condimentum libero turpis at eros. Donec nec velit vitae purus sollicitudin scelerisque eget sit amet lorem.<\/p><p class=\"\" data-start=\"657\" data-end=\"832\">Etiam eget odio eget nulla interdum facilisis. Sed scelerisque fermentum sem, vel interdum lorem pharetra nec. Praesent vel felis nec ipsum condimentum luctus non non augue.<\/p>\t\t\t\t\t\t\t\t<\/div>\n\t\t\t\t<\/div>\n\t\t\t\t<div class=\"elementor-element elementor-element-ced2e97 elementor-widget elementor-widget-text-editor\" data-id=\"ced2e97\" data-element_type=\"widget\" data-widget_type=\"text-editor.default\">\n\t\t\t\t<div class=\"elementor-widget-container\">\n\t\t\t\t\t\t\t\t\t<p class=\"\" data-start=\"0\" data-end=\"17\"><strong data-start=\"0\" data-end=\"15\">Lorem Ipsum<\/strong><\/p><p class=\"\" data-start=\"19\" data-end=\"386\">Lorem ipsum dolor sit amet, consectetur adipiscing elit. Nullam varius, nunc ut suscipit scelerisque, ligula purus efficitur justo, sed blandit urna justo eget elit. Vestibulum ante ipsum primis in faucibus orci luctus et ultrices posuere cubilia curae; Integer convallis, odio at pretium suscipit, felis lacus fermentum tortor, vel convallis mauris augue nec nisl.<\/p><p class=\"\" data-start=\"388\" data-end=\"825\">Suspendisse potenti. Curabitur a metus ut metus viverra fermentum vel non velit. Fusce tristique, lorem ut scelerisque egestas, eros ligula tempus nisl, vel condimentum libero turpis at eros. Donec nec velit vitae purus sollicitudin scelerisque eget sit amet lorem. Aliquam erat volutpat. In scelerisque felis non turpis hendrerit, non consectetur elit rhoncus. Duis accumsan lectus et nisi sollicitudin, vel dignissim lorem hendrerit.<\/p><p class=\"\" data-start=\"827\" data-end=\"1169\">Etiam eget odio eget nulla interdum facilisis. Sed scelerisque fermentum sem, vel interdum lorem pharetra nec. Praesent vel felis nec ipsum condimentum luctus non non augue. Integer ut sapien sed lacus convallis sagittis ac ac erat. Nulla ac consectetur lacus. Suspendisse potenti. Ut ut tellus sed libero fermentum egestas id sit amet est.<\/p><p class=\"\" data-start=\"1171\" data-end=\"1580\">Proin at ligula id odio posuere blandit nec id turpis. Ut auctor, sapien nec faucibus scelerisque, nunc nulla elementum lectus, in imperdiet velit elit at nulla. Cras quis dui sed risus malesuada bibendum. Morbi dictum, elit a tempor elementum, justo eros tempor arcu, id ullamcorper arcu erat in mi. Nam scelerisque ut eros ac efficitur. Mauris auctor purus at massa blandit, nec pellentesque ex efficitur.<\/p><p class=\"\" data-start=\"1582\" data-end=\"2003\">Donec maximus felis vel augue sodales, sed suscipit libero tempus. Phasellus id bibendum dolor. Integer nec augue sed est laoreet fermentum. Sed condimentum vel libero ac scelerisque. Phasellus bibendum varius leo, et dapibus nulla tincidunt et. Nam tincidunt libero ut mauris consequat venenatis. Integer a quam vitae mi sodales volutpat. Aenean quis ipsum nunc. Duis et tortor purus. In hac habitasse platea dictumst.<\/p>\t\t\t\t\t\t\t\t<\/div>\n\t\t\t\t<\/div>\n\t\t\t\t<div class=\"elementor-element elementor-element-8548dc6 elementor-widget elementor-widget-spacer\" data-id=\"8548dc6\" data-element_type=\"widget\" data-widget_type=\"spacer.default\">\n\t\t\t\t<div class=\"elementor-widget-container\">\n\t\t\t\t\t\t\t<div class=\"elementor-spacer\">\n\t\t\t<div class=\"elementor-spacer-inner\"><\/div>\n\t\t<\/div>\n\t\t\t\t\t\t<\/div>\n\t\t\t\t<\/div>\n\t\t\t\t\t<\/div>\n\t\t\t\t<\/div>\n\t\t\t\t<\/div>","protected":false},"excerpt":{"rendered":"<p>KVKK AYDINLATMA METN\u0130 Lorem Ipsum Lorem ipsum dolor sit amet, consectetur adipiscing elit. Nullam varius, nunc ut suscipit scelerisque, ligula purus efficitur justo, sed blandit urna justo eget elit. Vestibulum ante ipsum primis in faucibus orci luctus et ultrices posuere cubilia curae; Integer convallis, odio at pretium suscipit, felis lacus fermentum tortor, vel convallis mauris [&hellip;]<\/p>","protected":false},"author":1,"featured_media":0,"parent":0,"menu_order":0,"comment_status":"closed","ping_status":"closed","template":"elementor_header_footer","meta":{"footnotes":""},"class_list":["post-345","page","type-page","status-publish","hentry"],"yoast_head":"<!-- This site is optimized with the Yoast SEO plugin v24.6 - https:\/\/yoast.com\/wordpress\/plugins\/seo\/ -->\n<title>INDICO2 - Indigo Karbondioksit<\/title>\n<meta name=\"description\" content=\"Kapadokya b\u00f6lgesinin ilk ve tek Karbondioksit safla\u015ft\u0131rma ve s\u0131v\u0131la\u015ft\u0131rma tesisi.\" \/>\n<meta name=\"robots\" content=\"index, follow, max-snippet:-1, max-image-preview:large, max-video-preview:-1\" \/>\n<link rel=\"canonical\" href=\"https:\/\/www.indico2.com.tr\/en\/kvkk-aydinlatma-metini\/\" \/>\n<meta property=\"og:locale\" content=\"en_GB\" \/>\n<meta property=\"og:type\" content=\"article\" \/>\n<meta property=\"og:title\" content=\"INDICO2 - Indigo Karbondioksit\" \/>\n<meta property=\"og:description\" content=\"Kapadokya b\u00f6lgesinin ilk ve tek Karbondioksit safla\u015ft\u0131rma ve s\u0131v\u0131la\u015ft\u0131rma tesisi.\" \/>\n<meta property=\"og:url\" content=\"https:\/\/www.indico2.com.tr\/en\/kvkk-aydinlatma-metini\/\" \/>\n<meta property=\"og:site_name\" content=\"INDICO2\" \/>\n<meta property=\"article:modified_time\" content=\"2025-03-25T07:24:39+00:00\" \/>\n<meta name=\"twitter:card\" content=\"summary_large_image\" \/>\n<meta name=\"twitter:label1\" content=\"Estimated reading time\" \/>\n\t<meta name=\"twitter:data1\" content=\"4 minutes\" \/>\n<script type=\"application\/ld+json\" class=\"yoast-schema-graph\">{\"@context\":\"https:\/\/schema.org\",\"@graph\":[{\"@type\":\"WebPage\",\"@id\":\"https:\/\/www.indico2.com.tr\/kvkk-aydinlatma-metini\/\",\"url\":\"https:\/\/www.indico2.com.tr\/kvkk-aydinlatma-metini\/\",\"name\":\"INDICO2 - Indigo Karbondioksit\",\"isPartOf\":{\"@id\":\"https:\/\/www.indico2.com.tr\/#website\"},\"datePublished\":\"2025-03-25T07:22:32+00:00\",\"dateModified\":\"2025-03-25T07:24:39+00:00\",\"description\":\"Kapadokya b\u00f6lgesinin ilk ve tek Karbondioksit safla\u015ft\u0131rma ve s\u0131v\u0131la\u015ft\u0131rma tesisi.\",\"breadcrumb\":{\"@id\":\"https:\/\/www.indico2.com.tr\/kvkk-aydinlatma-metini\/#breadcrumb\"},\"inLanguage\":\"en-GB\",\"potentialAction\":[{\"@type\":\"ReadAction\",\"target\":[\"https:\/\/www.indico2.com.tr\/kvkk-aydinlatma-metini\/\"]}]},{\"@type\":\"BreadcrumbList\",\"@id\":\"https:\/\/www.indico2.com.tr\/kvkk-aydinlatma-metini\/#breadcrumb\",\"itemListElement\":[{\"@type\":\"ListItem\",\"position\":1,\"name\":\"Anasayfa\",\"item\":\"https:\/\/www.indico2.com.tr\/tr\/\"},{\"@type\":\"ListItem\",\"position\":2,\"name\":\"KVKK Ayd\u0131nlatma Metini\"}]},{\"@type\":\"WebSite\",\"@id\":\"https:\/\/www.indico2.com.tr\/#website\",\"url\":\"https:\/\/www.indico2.com.tr\/\",\"name\":\"INDICO2\",\"description\":\" INDICO2 - Indigo Karbondioksit\",\"publisher\":{\"@id\":\"https:\/\/www.indico2.com.tr\/#organization\"},\"potentialAction\":[{\"@type\":\"SearchAction\",\"target\":{\"@type\":\"EntryPoint\",\"urlTemplate\":\"https:\/\/www.indico2.com.tr\/?s={search_term_string}\"},\"query-input\":{\"@type\":\"PropertyValueSpecification\",\"valueRequired\":true,\"valueName\":\"search_term_string\"}}],\"inLanguage\":\"en-GB\"},{\"@type\":\"Organization\",\"@id\":\"https:\/\/www.indico2.com.tr\/#organization\",\"name\":\"INDICO2\",\"url\":\"https:\/\/www.indico2.com.tr\/\",\"logo\":{\"@type\":\"ImageObject\",\"inLanguage\":\"en-GB\",\"@id\":\"https:\/\/www.indico2.com.tr\/#\/schema\/logo\/image\/\",\"url\":\"https:\/\/www.indico2.com.tr\/wp-content\/uploads\/2025\/03\/cropped-logo-1.png\",\"contentUrl\":\"https:\/\/www.indico2.com.tr\/wp-content\/uploads\/2025\/03\/cropped-logo-1.png\",\"width\":400,\"height\":100,\"caption\":\"INDICO2\"},\"image\":{\"@id\":\"https:\/\/www.indico2.com.tr\/#\/schema\/logo\/image\/\"},\"sameAs\":[\"https:\/\/www.instagram.com\/co2.indigo\"]}]}<\/script>\n<!-- \/ Yoast SEO plugin. -->","yoast_head_json":{"title":"INDICO2 - Indigo Karbondioksit","description":"Kapadokya b\u00f6lgesinin ilk ve tek Karbondioksit safla\u015ft\u0131rma ve s\u0131v\u0131la\u015ft\u0131rma tesisi.","robots":{"index":"index","follow":"follow","max-snippet":"max-snippet:-1","max-image-preview":"max-image-preview:large","max-video-preview":"max-video-preview:-1"},"canonical":"https:\/\/www.indico2.com.tr\/en\/kvkk-aydinlatma-metini\/","og_locale":"en_GB","og_type":"article","og_title":"INDICO2 - Indigo Karbondioksit","og_description":"Kapadokya b\u00f6lgesinin ilk ve tek Karbondioksit safla\u015ft\u0131rma ve s\u0131v\u0131la\u015ft\u0131rma tesisi.","og_url":"https:\/\/www.indico2.com.tr\/en\/kvkk-aydinlatma-metini\/","og_site_name":"INDICO2","article_modified_time":"2025-03-25T07:24:39+00:00","twitter_card":"summary_large_image","twitter_misc":{"Estimated reading time":"4 minutes"},"schema":{"@context":"https:\/\/schema.org","@graph":[{"@type":"WebPage","@id":"https:\/\/www.indico2.com.tr\/kvkk-aydinlatma-metini\/","url":"https:\/\/www.indico2.com.tr\/kvkk-aydinlatma-metini\/","name":"INDICO2 - Indigo Karbondioksit","isPartOf":{"@id":"https:\/\/www.indico2.com.tr\/#website"},"datePublished":"2025-03-25T07:22:32+00:00","dateModified":"2025-03-25T07:24:39+00:00","description":"Kapadokya b\u00f6lgesinin ilk ve tek Karbondioksit safla\u015ft\u0131rma ve s\u0131v\u0131la\u015ft\u0131rma tesisi.","breadcrumb":{"@id":"https:\/\/www.indico2.com.tr\/kvkk-aydinlatma-metini\/#breadcrumb"},"inLanguage":"en-GB","potentialAction":[{"@type":"ReadAction","target":["https:\/\/www.indico2.com.tr\/kvkk-aydinlatma-metini\/"]}]},{"@type":"BreadcrumbList","@id":"https:\/\/www.indico2.com.tr\/kvkk-aydinlatma-metini\/#breadcrumb","itemListElement":[{"@type":"ListItem","position":1,"name":"Anasayfa","item":"https:\/\/www.indico2.com.tr\/tr\/"},{"@type":"ListItem","position":2,"name":"KVKK Ayd\u0131nlatma Metini"}]},{"@type":"WebSite","@id":"https:\/\/www.indico2.com.tr\/#website","url":"https:\/\/www.indico2.com.tr\/","name":"INDICO2","description":"INDICO2 - Indigo Karbondioksit","publisher":{"@id":"https:\/\/www.indico2.com.tr\/#organization"},"potentialAction":[{"@type":"SearchAction","target":{"@type":"EntryPoint","urlTemplate":"https:\/\/www.indico2.com.tr\/?s={search_term_string}"},"query-input":{"@type":"PropertyValueSpecification","valueRequired":true,"valueName":"search_term_string"}}],"inLanguage":"en-GB"},{"@type":"Organization","@id":"https:\/\/www.indico2.com.tr\/#organization","name":"INDICO2","url":"https:\/\/www.indico2.com.tr\/","logo":{"@type":"ImageObject","inLanguage":"en-GB","@id":"https:\/\/www.indico2.com.tr\/#\/schema\/logo\/image\/","url":"https:\/\/www.indico2.com.tr\/wp-content\/uploads\/2025\/03\/cropped-logo-1.png","contentUrl":"https:\/\/www.indico2.com.tr\/wp-content\/uploads\/2025\/03\/cropped-logo-1.png","width":400,"height":100,"caption":"INDICO2"},"image":{"@id":"https:\/\/www.indico2.com.tr\/#\/schema\/logo\/image\/"},"sameAs":["https:\/\/www.instagram.com\/co2.indigo"]}]}},"_links":{"self":[{"href":"https:\/\/www.indico2.com.tr\/en\/wp-json\/wp\/v2\/pages\/345","targetHints":{"allow":["GET"]}}],"collection":[{"href":"https:\/\/www.indico2.com.tr\/en\/wp-json\/wp\/v2\/pages"}],"about":[{"href":"https:\/\/www.indico2.com.tr\/en\/wp-json\/wp\/v2\/types\/page"}],"author":[{"embeddable":true,"href":"https:\/\/www.indico2.com.tr\/en\/wp-json\/wp\/v2\/users\/1"}],"replies":[{"embeddable":true,"href":"https:\/\/www.indico2.com.tr\/en\/wp-json\/wp\/v2\/comments?post=345"}],"version-history":[{"count":4,"href":"https:\/\/www.indico2.com.tr\/en\/wp-json\/wp\/v2\/pages\/345\/revisions"}],"predecessor-version":[{"id":349,"href":"https:\/\/www.indico2.com.tr\/en\/wp-json\/wp\/v2\/pages\/345\/revisions\/349"}],"wp:attachment":[{"href":"https:\/\/www.indico2.com.tr\/en\/wp-json\/wp\/v2\/media?parent=345"}],"curies":[{"name":"wp","href":"https:\/\/api.w.org\/{rel}","templated":true}]}}